{"id":2677,"date":"2019-07-16T09:22:58","date_gmt":"2019-07-16T07:22:58","guid":{"rendered":"http:\/\/qualiblue.devmc.site\/?page_id=2677"},"modified":"2019-10-25T10:32:51","modified_gmt":"2019-10-25T08:32:51","slug":"fondateur","status":"publish","type":"page","link":"https:\/\/qualiblue.com\/blog\/fondateur\/","title":{"rendered":"Biographie"},"content":{"rendered":"\n<p>Je suis\u00a0<a href=\"https:\/\/www.facebook.com\/olivier.bicep\">Olivier Bicep<\/a>, j\u2019ai effectu\u00e9 une partie de ma scolarit\u00e9 en Guadeloupe. Ensuite j\u2019ai travaill\u00e9 pendant 5 ans \u00e0 Londres\u00a0o\u00f9 j\u2019\u00e9tais responsable d\u2019un site internet. Je suis revenu en 2009 sur mon \u00eele pour travailler en tant que technico-commercial dans le secteur du b\u00e2timent.<\/p>\n\n\n\n<p>L\u2019id\u00e9e de Qualiblue, elle, m\u2019est venue lors de mon dernier voyage aux Etats- Unis. J\u2019ai d\u00e9cid\u00e9 d\u2019y aller seul pour 3 semaines afin de r\u00e9aliser un r\u00eave d&rsquo;enfant. C\u2019\u00e9tait la premi\u00e8re fois que j\u2019entendais parler de\u00a0<a href=\"https:\/\/www.airbnb.fr\/\">Airbnb<\/a>, via une amie, donc j\u2019ai saut\u00e9 le pas et r\u00e9serv\u00e9 tous mes h\u00e9bergements via ce site. J\u2019avais des appr\u00e9hensions qui se sont vite dissip\u00e9es lorsque je lisais les commentaires des utilisateurs du site.<\/p>\n\n\n\n<p>Ne connaissant personne aux Etats-Unis et passant d\u2019Etat en Etat sur la c\u00f4te est, j\u2019ai utilis\u00e9 Yelp et d\u2019autres plateformes en ligne qui permettent pour une activit\u00e9 donn\u00e9e de voir les commentaires des clients ayant pratiqu\u00e9 l\u2019activit\u00e9. J\u2019\u00e9tais au d\u00e9but tr\u00e8s \u00e9tonn\u00e9 par la fiabilit\u00e9 des propos et la similarit\u00e9 des r\u00e9cits avec ma propre exp\u00e9rience.<\/p>\n\n\n\n<p>De retour en Guadeloupe, j\u2019ai fait la remarque suivante \u00e0 mon coll\u00e8gue : \u201cce serait cool si les artisans de Guadeloupe avaient des commentaires sur leurs travaux que tout futur client pourrait voir\u201d<\/p>\n\n\n\n<p>C\u2019est alors que nous avons constat\u00e9 que\u00a060% des\u00a0<a href=\"https:\/\/www.qualiblue.com\/devis-travaux\/construction_neuve_ou_renovation\/guadeloupe\">maisons individuelles construites en Guadeloupe<\/a>\u00a0le sont en auto-consommation c\u2019est-\u00e0-dire sans l\u2019aide d\u2019un constructeur tous corps d\u2019\u00e9tat confondus. Les clients que je visitais de par mon m\u00e9tier avait tendance \u00e0 me demander de leur recommander des professionnels car un particulier peut tr\u00e8s bien avoir un peintre ou un carreleur dans son carnet d\u2019adresses mais ne pas savoir vers qui se tourner pour ses rev\u00eatements sols ou l\u2019installation de ses sanitaires.<\/p>\n\n\n\n<p>Du cot\u00e9 des professionnels, 60% des artisans en Guadeloupe sont dans le BTP. Ils manquent de visibilit\u00e9 sur le paysage publicitaire dit classique (4\u00d73, annonces radio, flyers) mais aussi sur la toile qui d\u2019ailleurs avec la technologie actuelle et une bonne strat\u00e9gie est beaucoup moins ch\u00e8re \u00e0 mettre en place et est tr\u00e8s rentable.<\/p>\n\n\n\n<p>De l\u00e0 j\u2019en ai discut\u00e9 avec des ami(e)s et on a d\u00e9cid\u00e9 de se lancer :\u00a0<a href=\"https:\/\/www.qualiblue.com\/\">QualiBlue<\/a>\u00a0est alors n\u00e9.<\/p>\n\n\n\n<p>Le site, via notamment le blog, a pour vocation de diffuser largement \u00e0 la population carib\u00e9enne des informations sur les tendances, les innovations et les trucs et astuces afin de mieux r\u00e9nover, am\u00e9liorer, r\u00e9parer et construire tout en tenant compte des particularit\u00e9s li\u00e9es \u00e0 notre insularit\u00e9. La fiscalit\u00e9 li\u00e9e \u00e0\u00a0la construction dans les Doms appel\u00e9s depuis peu DROM sera \u00e9galement abord\u00e9e.<\/p>\n\n\n\n<p>Voil\u00e0 ! l\u2019\u00e9quipe\u00a0<a href=\"https:\/\/www.qualiblue.com\/\">QualiBlue<\/a>\u00a0reste bien entendu \u00e0 votre \u00e9coute si vous avez des id\u00e9es de sujets \u00e0 sugg\u00e9rer ou des commentaires que vous pouvez laisser en dessous de ce texte.<\/p>\n","protected":false},"excerpt":{"rendered":"<p>Je suis\u00a0Olivier Bicep, j\u2019ai effectu\u00e9 une partie de ma scolarit\u00e9 en Guadeloupe. Ensuite j\u2019ai travaill\u00e9 pendant 5 ans \u00e0 Londres\u00a0o\u00f9 j\u2019\u00e9tais responsable d\u2019un site internet. Je suis revenu en 2009 sur mon \u00eele pour travailler en tant que technico-commercial dans le secteur du b\u00e2timent. L\u2019id\u00e9e de Qualiblue, elle, m\u2019est venue lors de mon dernier voyage [&hellip;]<\/p>\n","protected":false},"author":2,"featured_media":0,"parent":0,"menu_order":0,"comment_status":"closed","ping_status":"closed","template":"","meta":{"spay_email":"","footnotes":""},"class_list":["post-2677","page","type-page","status-publish","hentry"],"yoast_head":"<!-- This site is optimized with the Yoast SEO plugin v18.9 - https:\/\/yoast.com\/wordpress\/plugins\/seo\/ -->\n<title>Biographie - Qualiblue<\/title>\n<meta name=\"robots\" content=\"index, follow, max-snippet:-1, max-image-preview:large, max-video-preview:-1\" \/>\n<link rel=\"canonical\" href=\"https:\/\/qualiblue.com\/blog\/fondateur\/\" \/>\n<meta property=\"og:locale\" content=\"fr_FR\" \/>\n<meta property=\"og:type\" content=\"article\" \/>\n<meta property=\"og:title\" content=\"Biographie - Qualiblue\" \/>\n<meta property=\"og:description\" content=\"Je suis\u00a0Olivier Bicep, j\u2019ai effectu\u00e9 une partie de ma scolarit\u00e9 en Guadeloupe. Ensuite j\u2019ai travaill\u00e9 pendant 5 ans \u00e0 Londres\u00a0o\u00f9 j\u2019\u00e9tais responsable d\u2019un site internet. Je suis revenu en 2009 sur mon \u00eele pour travailler en tant que technico-commercial dans le secteur du b\u00e2timent. L\u2019id\u00e9e de Qualiblue, elle, m\u2019est venue lors de mon dernier voyage [&hellip;]\" \/>\n<meta property=\"og:url\" content=\"https:\/\/qualiblue.com\/blog\/fondateur\/\" \/>\n<meta property=\"og:site_name\" content=\"Qualiblue\" \/>\n<meta property=\"article:modified_time\" content=\"2019-10-25T08:32:51+00:00\" \/>\n<meta name=\"twitter:card\" content=\"summary_large_image\" \/>\n<meta name=\"twitter:label1\" content=\"Dur\u00e9e de lecture estim\u00e9e\" \/>\n\t<meta name=\"twitter:data1\" content=\"2 minutes\" \/>\n<script type=\"application\/ld+json\" class=\"yoast-schema-graph\">{\"@context\":\"https:\/\/schema.org\",\"@graph\":[{\"@type\":\"WebSite\",\"@id\":\"https:\/\/qualiblue.com\/blog\/#website\",\"url\":\"https:\/\/qualiblue.com\/blog\/\",\"name\":\"Qualiblue\",\"description\":\"\",\"potentialAction\":[{\"@type\":\"SearchAction\",\"target\":{\"@type\":\"EntryPoint\",\"urlTemplate\":\"https:\/\/qualiblue.com\/blog\/?s={search_term_string}\"},\"query-input\":\"required name=search_term_string\"}],\"inLanguage\":\"fr-FR\"},{\"@type\":\"WebPage\",\"@id\":\"https:\/\/qualiblue.com\/blog\/fondateur\/#webpage\",\"url\":\"https:\/\/qualiblue.com\/blog\/fondateur\/\",\"name\":\"Biographie - Qualiblue\",\"isPartOf\":{\"@id\":\"https:\/\/qualiblue.com\/blog\/#website\"},\"datePublished\":\"2019-07-16T07:22:58+00:00\",\"dateModified\":\"2019-10-25T08:32:51+00:00\",\"breadcrumb\":{\"@id\":\"https:\/\/qualiblue.com\/blog\/fondateur\/#breadcrumb\"},\"inLanguage\":\"fr-FR\",\"potentialAction\":[{\"@type\":\"ReadAction\",\"target\":[\"https:\/\/qualiblue.com\/blog\/fondateur\/\"]}]},{\"@type\":\"BreadcrumbList\",\"@id\":\"https:\/\/qualiblue.com\/blog\/fondateur\/#breadcrumb\",\"itemListElement\":[{\"@type\":\"ListItem\",\"position\":1,\"name\":\"Accueil\",\"item\":\"https:\/\/qualiblue.com\/blog\/\"},{\"@type\":\"ListItem\",\"position\":2,\"name\":\"Biographie\"}]}]}<\/script>\n<!-- \/ Yoast SEO plugin. -->","yoast_head_json":{"title":"Biographie - Qualiblue","robots":{"index":"index","follow":"follow","max-snippet":"max-snippet:-1","max-image-preview":"max-image-preview:large","max-video-preview":"max-video-preview:-1"},"canonical":"https:\/\/qualiblue.com\/blog\/fondateur\/","og_locale":"fr_FR","og_type":"article","og_title":"Biographie - Qualiblue","og_description":"Je suis\u00a0Olivier Bicep, j\u2019ai effectu\u00e9 une partie de ma scolarit\u00e9 en Guadeloupe. Ensuite j\u2019ai travaill\u00e9 pendant 5 ans \u00e0 Londres\u00a0o\u00f9 j\u2019\u00e9tais responsable d\u2019un site internet. Je suis revenu en 2009 sur mon \u00eele pour travailler en tant que technico-commercial dans le secteur du b\u00e2timent. L\u2019id\u00e9e de Qualiblue, elle, m\u2019est venue lors de mon dernier voyage [&hellip;]","og_url":"https:\/\/qualiblue.com\/blog\/fondateur\/","og_site_name":"Qualiblue","article_modified_time":"2019-10-25T08:32:51+00:00","twitter_card":"summary_large_image","twitter_misc":{"Dur\u00e9e de lecture estim\u00e9e":"2 minutes"},"schema":{"@context":"https:\/\/schema.org","@graph":[{"@type":"WebSite","@id":"https:\/\/qualiblue.com\/blog\/#website","url":"https:\/\/qualiblue.com\/blog\/","name":"Qualiblue","description":"","potentialAction":[{"@type":"SearchAction","target":{"@type":"EntryPoint","urlTemplate":"https:\/\/qualiblue.com\/blog\/?s={search_term_string}"},"query-input":"required name=search_term_string"}],"inLanguage":"fr-FR"},{"@type":"WebPage","@id":"https:\/\/qualiblue.com\/blog\/fondateur\/#webpage","url":"https:\/\/qualiblue.com\/blog\/fondateur\/","name":"Biographie - Qualiblue","isPartOf":{"@id":"https:\/\/qualiblue.com\/blog\/#website"},"datePublished":"2019-07-16T07:22:58+00:00","dateModified":"2019-10-25T08:32:51+00:00","breadcrumb":{"@id":"https:\/\/qualiblue.com\/blog\/fondateur\/#breadcrumb"},"inLanguage":"fr-FR","potentialAction":[{"@type":"ReadAction","target":["https:\/\/qualiblue.com\/blog\/fondateur\/"]}]},{"@type":"BreadcrumbList","@id":"https:\/\/qualiblue.com\/blog\/fondateur\/#breadcrumb","itemListElement":[{"@type":"ListItem","position":1,"name":"Accueil","item":"https:\/\/qualiblue.com\/blog\/"},{"@type":"ListItem","position":2,"name":"Biographie"}]}]}},"_links":{"self":[{"href":"https:\/\/qualiblue.com\/blog\/wp-json\/wp\/v2\/pages\/2677","targetHints":{"allow":["GET"]}}],"collection":[{"href":"https:\/\/qualiblue.com\/blog\/wp-json\/wp\/v2\/pages"}],"about":[{"href":"https:\/\/qualiblue.com\/blog\/wp-json\/wp\/v2\/types\/page"}],"author":[{"embeddable":true,"href":"https:\/\/qualiblue.com\/blog\/wp-json\/wp\/v2\/users\/2"}],"replies":[{"embeddable":true,"href":"https:\/\/qualiblue.com\/blog\/wp-json\/wp\/v2\/comments?post=2677"}],"version-history":[{"count":3,"href":"https:\/\/qualiblue.com\/blog\/wp-json\/wp\/v2\/pages\/2677\/revisions"}],"predecessor-version":[{"id":3280,"href":"https:\/\/qualiblue.com\/blog\/wp-json\/wp\/v2\/pages\/2677\/revisions\/3280"}],"wp:attachment":[{"href":"https:\/\/qualiblue.com\/blog\/wp-json\/wp\/v2\/media?parent=2677"}],"curies":[{"name":"wp","href":"https:\/\/api.w.org\/{rel}","templated":true}]}}